{"id":4311,"date":"2021-12-01T08:45:17","date_gmt":"2021-12-01T11:45:17","guid":{"rendered":"http:\/\/www.arlei.com\/?page_id=4311"},"modified":"2021-12-15T09:26:56","modified_gmt":"2021-12-15T12:26:56","slug":"productos","status":"publish","type":"page","link":"https:\/\/www.arlei.com\/es\/productos\/","title":{"rendered":"Productos"},"content":{"rendered":"\n<style type=\"text\/css\" data-created_by=\"avia_inline_auto\" id=\"style-css-av-av_section-5d6bd2de048642d78057736006d8b482\">\n.avia-section.av-av_section-5d6bd2de048642d78057736006d8b482{\nbackground-repeat:no-repeat;\nbackground-image:url(https:\/\/www.arlei.com\/wp-content\/uploads\/2018\/03\/multiple-color-leather.jpg);\nbackground-position:50% 100%;\nbackground-attachment:scroll;\n}\n<\/style>\n<div id='av_section_1'  class='avia-section av-av_section-5d6bd2de048642d78057736006d8b482 main_color avia-section-huge avia-no-shadow  avia-builder-el-0  el_before_av_section  avia-builder-el-first  avia-full-stretch avia-bg-style-scroll container_wrap sidebar_right'  data-section-bg-repeat='stretch'><div class='container av-section-cont-open' ><main  role=\"main\" itemprop=\"mainContentOfPage\"  class='template-page content  av-content-small alpha units'><div class='post-entry post-entry-type-page post-entry-4311'><div class='entry-content-wrapper clearfix'>\n<\/div><\/div><\/main><!-- close content main element --><\/div><\/div>\n<style type=\"text\/css\" data-created_by=\"avia_inline_auto\" id=\"style-css-av-av_section-b6db7198a596c7035c977e56a0faf5c4\">\n.avia-section.av-av_section-b6db7198a596c7035c977e56a0faf5c4{\nbackground-color:#f9f9f9;\nbackground-image:unset;\n}\n<\/style>\n<div id='av_section_2'  class='avia-section av-av_section-b6db7198a596c7035c977e56a0faf5c4 main_color avia-section-large avia-no-border-styling  avia-builder-el-1  el_after_av_section  el_before_av_portfolio  avia-bg-style-scroll container_wrap sidebar_right'  ><div class='container av-section-cont-open' ><div class='template-page content  av-content-small alpha units'><div class='post-entry post-entry-type-page post-entry-4311'><div class='entry-content-wrapper clearfix'>\n\n<style type=\"text\/css\" data-created_by=\"avia_inline_auto\" id=\"style-css-av-av_one_half-15d750bd1b332b34c6e70b077ebbccdf\">\n.flex_column.av-av_one_half-15d750bd1b332b34c6e70b077ebbccdf{\nborder-radius:0px 0px 0px 0px;\npadding:0px 0px 0px 0px;\n}\n<\/style>\n<div  class='flex_column av-av_one_half-15d750bd1b332b34c6e70b077ebbccdf av_one_half  avia-builder-el-2  el_before_av_one_half  avia-builder-el-first  first flex_column_div av-zero-column-padding  '     ><style type=\"text\/css\" data-created_by=\"avia_inline_auto\" id=\"style-css-av-av_textblock-063fbd75ff70d5f861a3f3b6fd33ce52\">\n#top .av_textblock_section.av-av_textblock-063fbd75ff70d5f861a3f3b6fd33ce52 .avia_textblock{\nfont-size:21px;\ncolor:#9c9288;\n}\n<\/style>\n<section  class='av_textblock_section av-av_textblock-063fbd75ff70d5f861a3f3b6fd33ce52 '   itemscope=\"itemscope\" itemtype=\"https:\/\/schema.org\/CreativeWork\" ><div class='avia_textblock av_inherit_color'  itemprop=\"text\" ><p align=\"left\">El cuero puede transformarse en la mejor obra maestra a trav\u00e9s de la experiencia y los dedicados m\u00e9todos de curtido artesanal de nuestros artesanos del cuero.<br \/>\nLas estrictas pruebas de laboratorio que tienen que atravesar nuestro cuero, m\u00e1s la tecnolog\u00eda de vanguardia utilizada para la producci\u00f3n, nos permiten ofrecer a nuestros clientes de todo el mundo un excelente y genuino cuero de vaca a precios muy competitivos.<\/p>\n<\/div><\/section><\/div>\n<style type=\"text\/css\" data-created_by=\"avia_inline_auto\" id=\"style-css-av-av_one_half-c8fc129dc35fd1ae2a1e410224d39ea8\">\n.flex_column.av-av_one_half-c8fc129dc35fd1ae2a1e410224d39ea8{\nborder-radius:0px 0px 0px 0px;\npadding:0px 0px 0px 0px;\n}\n<\/style>\n<div  class='flex_column av-av_one_half-c8fc129dc35fd1ae2a1e410224d39ea8 av_one_half  avia-builder-el-4  el_after_av_one_half  avia-builder-el-last  flex_column_div av-zero-column-padding  '     ><style type=\"text\/css\" data-created_by=\"avia_inline_auto\" id=\"style-css-av-av_textblock-cf110302bfb80c0ff6b12bf8a0b65794\">\n#top .av_textblock_section.av-av_textblock-cf110302bfb80c0ff6b12bf8a0b65794 .avia_textblock{\ncolor:#9c9288;\n}\n<\/style>\n<section  class='av_textblock_section av-av_textblock-cf110302bfb80c0ff6b12bf8a0b65794 '   itemscope=\"itemscope\" itemtype=\"https:\/\/schema.org\/CreativeWork\" ><div class='avia_textblock av_inherit_color'  itemprop=\"text\" ><p align=\"justify\">Lo m\u00e1s importante para nosotros es asegurar la satisfacci\u00f3n del cliente en su compra. Por ello, la mayor calidad de nuestros productos es primordial para proporcionar consistencia, alta calidad y alto rendimiento en el servicio al cliente.<\/p>\n<\/div><\/section><\/div>\n\n<div  id=\"av-sc-portfolio-1\"  class=' grid-sort-container isotope   no_margin-container with-title-container grid-total-odd grid-col-5 grid-links-' data-portfolio-id='1'><div data-ajax-id='4354' class=' grid-entry flex_column isotope-item all_sort no_margin post-entry post-entry-4354 grid-entry-overview grid-loop-1 grid-parity-odd  es-cat_sort  av_one_fifth first default_av_fullwidth '><article class='main_color inner-entry'  itemscope=\"itemscope\" itemtype=\"https:\/\/schema.org\/CreativeWork\" ><a href=\"https:\/\/www.arlei.com\/es\/portfolio-item\/tapiceria-para-coches\/\" title='Tapicer\u00eda para coches'  data-rel='grid-1' class='grid-image avia-hover-fx'> <img decoding=\"async\" fetchpriority=\"high\" width=\"260\" height=\"185\" src=\"https:\/\/www.arlei.com\/wp-content\/uploads\/2015\/07\/slider_arlei_autos-260x185.jpg\" class=\"wp-image-3565 avia-img-lazy-loading-not-3565 attachment-portfolio_small size-portfolio_small wp-post-image\" alt=\"\" \/><\/a><div class='grid-content'><div class='avia-arrow'><\/div><header class=\"entry-content-header\"><h3 class='grid-entry-title entry-title '  itemprop=\"headline\" ><a href='https:\/\/www.arlei.com\/es\/portfolio-item\/tapiceria-para-coches\/' title='Tapicer\u00eda para coches'>Tapicer\u00eda para coches<\/a><\/h3><\/header><\/div><footer class=\"entry-footer\"><\/footer><\/article><\/div><div data-ajax-id='4353' class=' grid-entry flex_column isotope-item all_sort no_margin post-entry post-entry-4353 grid-entry-overview grid-loop-2 grid-parity-even  es-cat_sort  av_one_fifth  default_av_fullwidth '><article class='main_color inner-entry'  itemscope=\"itemscope\" itemtype=\"https:\/\/schema.org\/CreativeWork\" ><a href=\"https:\/\/www.arlei.com\/es\/portfolio-item\/shoe-upper\/\" title='Empeine de calzado'  data-rel='grid-1' class='grid-image avia-hover-fx'> <img decoding=\"async\" fetchpriority=\"high\" width=\"260\" height=\"185\" src=\"https:\/\/www.arlei.com\/wp-content\/uploads\/2018\/07\/Captura-de-pantalla-2018-08-13-a-las-10.28.38-260x185.png\" class=\"wp-image-3704 avia-img-lazy-loading-not-3704 attachment-portfolio_small size-portfolio_small wp-post-image\" alt=\"\" \/><\/a><div class='grid-content'><div class='avia-arrow'><\/div><header class=\"entry-content-header\"><h3 class='grid-entry-title entry-title '  itemprop=\"headline\" ><a href='https:\/\/www.arlei.com\/es\/portfolio-item\/shoe-upper\/' title='Empeine de calzado'>Empeine de calzado<\/a><\/h3><\/header><\/div><footer class=\"entry-footer\"><\/footer><\/article><\/div><div data-ajax-id='4351' class=' grid-entry flex_column isotope-item all_sort no_margin post-entry post-entry-4351 grid-entry-overview grid-loop-3 grid-parity-odd  es-cat_sort  av_one_fifth  default_av_fullwidth '><article class='main_color inner-entry'  itemscope=\"itemscope\" itemtype=\"https:\/\/schema.org\/CreativeWork\" ><a href=\"https:\/\/www.arlei.com\/es\/portfolio-item\/curtido-de-cuero-vegetal\/\" title='Curtido de cuero vegetal'  data-rel='grid-1' class='grid-image avia-hover-fx'> <img decoding=\"async\" fetchpriority=\"high\" width=\"260\" height=\"185\" src=\"https:\/\/www.arlei.com\/wp-content\/uploads\/2018\/07\/suela_f-260x185.jpg\" class=\"wp-image-3964 avia-img-lazy-loading-not-3964 attachment-portfolio_small size-portfolio_small wp-post-image\" alt=\"\" \/><\/a><div class='grid-content'><div class='avia-arrow'><\/div><header class=\"entry-content-header\"><h3 class='grid-entry-title entry-title '  itemprop=\"headline\" ><a href='https:\/\/www.arlei.com\/es\/portfolio-item\/curtido-de-cuero-vegetal\/' title='Curtido de cuero vegetal'>Curtido de cuero vegetal<\/a><\/h3><\/header><\/div><footer class=\"entry-footer\"><\/footer><\/article><\/div><div data-ajax-id='4352' class=' grid-entry flex_column isotope-item all_sort no_margin post-entry post-entry-4352 grid-entry-overview grid-loop-4 grid-parity-even  es-cat_sort  av_one_fifth  default_av_fullwidth '><article class='main_color inner-entry'  itemscope=\"itemscope\" itemtype=\"https:\/\/schema.org\/CreativeWork\" ><a href=\"https:\/\/www.arlei.com\/es\/portfolio-item\/cueros-acabados\/\" title='Cueros acabados'  data-rel='grid-1' class='grid-image avia-hover-fx'> <img decoding=\"async\" fetchpriority=\"high\" width=\"260\" height=\"185\" src=\"https:\/\/www.arlei.com\/wp-content\/uploads\/2018\/07\/arlei_terminacion-260x185.jpg\" class=\"wp-image-3929 avia-img-lazy-loading-not-3929 attachment-portfolio_small size-portfolio_small wp-post-image\" alt=\"\" srcset=\"https:\/\/www.arlei.com\/wp-content\/uploads\/2018\/07\/arlei_terminacion-260x185.jpg 260w, https:\/\/www.arlei.com\/wp-content\/uploads\/2018\/07\/arlei_terminacion-300x212.jpg 300w, https:\/\/www.arlei.com\/wp-content\/uploads\/2018\/07\/arlei_terminacion-768x543.jpg 768w, https:\/\/www.arlei.com\/wp-content\/uploads\/2018\/07\/arlei_terminacion-705x498.jpg 705w, https:\/\/www.arlei.com\/wp-content\/uploads\/2018\/07\/arlei_terminacion-450x318.jpg 450w, https:\/\/www.arlei.com\/wp-content\/uploads\/2018\/07\/arlei_terminacion.jpg 842w\" sizes=\"(max-width: 260px) 100vw, 260px\" \/><\/a><div class='grid-content'><div class='avia-arrow'><\/div><header class=\"entry-content-header\"><h3 class='grid-entry-title entry-title '  itemprop=\"headline\" ><a href='https:\/\/www.arlei.com\/es\/portfolio-item\/cueros-acabados\/' title='Cueros acabados'>Cueros acabados<\/a><\/h3><\/header><\/div><footer class=\"entry-footer\"><\/footer><\/article><\/div><div data-ajax-id='4349' class=' grid-entry flex_column isotope-item all_sort no_margin post-entry post-entry-4349 grid-entry-overview grid-loop-5 grid-parity-odd  post-entry-last  es-cat_sort  av_one_fifth  default_av_fullwidth '><article class='main_color inner-entry'  itemscope=\"itemscope\" itemtype=\"https:\/\/schema.org\/CreativeWork\" ><a href=\"https:\/\/www.arlei.com\/es\/portfolio-item\/wet-blue-2\/\" title='Wet Blue'  data-rel='grid-1' class='grid-image avia-hover-fx'> <img decoding=\"async\" fetchpriority=\"high\" width=\"260\" height=\"185\" src=\"https:\/\/www.arlei.com\/wp-content\/uploads\/2018\/06\/wet-blue-2_b-260x185.jpg\" class=\"wp-image-3805 avia-img-lazy-loading-not-3805 attachment-portfolio_small size-portfolio_small wp-post-image\" alt=\"\" \/><\/a><div class='grid-content'><div class='avia-arrow'><\/div><header class=\"entry-content-header\"><h3 class='grid-entry-title entry-title '  itemprop=\"headline\" ><a href='https:\/\/www.arlei.com\/es\/portfolio-item\/wet-blue-2\/' title='Wet Blue'>Wet Blue<\/a><\/h3><\/header><\/div><footer class=\"entry-footer\"><\/footer><\/article><\/div><\/div>\n<div id='av_section_3'  class='avia-section av-av_section-aea99deb82e7c0821624a222bb8b9393 main_color avia-section-default avia-no-shadow  avia-builder-el-7  el_after_av_portfolio  avia-builder-el-last  avia-bg-style-scroll container_wrap sidebar_right'  ><div class='container av-section-cont-open' ><div class='template-page content  av-content-small alpha units'><div class='post-entry post-entry-type-page post-entry-4311'><div class='entry-content-wrapper clearfix'>\n\n<style type=\"text\/css\" data-created_by=\"avia_inline_auto\" id=\"style-css-av-av_hr-d788d74f6ce97f3be2b314812ea5453f\">\n#top .hr.hr-invisible.av-av_hr-d788d74f6ce97f3be2b314812ea5453f{\nheight:50px;\n}\n<\/style>\n<div  class='hr av-av_hr-d788d74f6ce97f3be2b314812ea5453f hr-invisible  avia-builder-el-8  el_before_av_one_half  avia-builder-el-first '><span class='hr-inner '><span class=\"hr-inner-style\"><\/span><\/span><\/div>\n\n<style type=\"text\/css\" data-created_by=\"avia_inline_auto\" id=\"style-css-av-av_one_half-15d750bd1b332b34c6e70b077ebbccdf\">\n.flex_column.av-av_one_half-15d750bd1b332b34c6e70b077ebbccdf{\nborder-radius:0px 0px 0px 0px;\npadding:0px 0px 0px 0px;\n}\n<\/style>\n<div  class='flex_column av-av_one_half-15d750bd1b332b34c6e70b077ebbccdf av_one_half  avia-builder-el-9  el_after_av_hr  el_before_av_one_half  first flex_column_div av-zero-column-padding  '     ><style type=\"text\/css\" data-created_by=\"avia_inline_auto\" id=\"style-css-av-av_textblock-d1e3f215434b7b5fc02a2c302a084c85\">\n#top .av_textblock_section.av-av_textblock-d1e3f215434b7b5fc02a2c302a084c85 .avia_textblock{\ncolor:#9c9288;\n}\n<\/style>\n<section  class='av_textblock_section av-av_textblock-d1e3f215434b7b5fc02a2c302a084c85 '   itemscope=\"itemscope\" itemtype=\"https:\/\/schema.org\/CreativeWork\" ><div class='avia_textblock av_inherit_color'  itemprop=\"text\" ><h2><span lang=\"es\">A solo una llamada de distancia<\/span><\/h2>\n<p align=\"justify\">Nuestra empresa ofrece un servicio de atenci\u00f3n al cliente dedicado y excepcional, con representantes en todo el mundo, que incluyen soporte t\u00e9cnico y visitas siempre que sea necesario en pos de garantizar los m\u00e1s altos est\u00e1ndares en el producto adquirido.<\/p>\n<\/div><\/section><\/div>\n<style type=\"text\/css\" data-created_by=\"avia_inline_auto\" id=\"style-css-av-av_one_half-c8fc129dc35fd1ae2a1e410224d39ea8\">\n.flex_column.av-av_one_half-c8fc129dc35fd1ae2a1e410224d39ea8{\nborder-radius:0px 0px 0px 0px;\npadding:0px 0px 0px 0px;\n}\n<\/style>\n<div  class='flex_column av-av_one_half-c8fc129dc35fd1ae2a1e410224d39ea8 av_one_half  avia-builder-el-11  el_after_av_one_half  avia-builder-el-last  flex_column_div av-zero-column-padding  '     ><p>\n<style type=\"text\/css\" data-created_by=\"avia_inline_auto\" id=\"style-css-av-av_hr-09b97cdf08d8e43e6317d3196f1fefee\">\n#top .hr.hr-invisible.av-av_hr-09b97cdf08d8e43e6317d3196f1fefee{\nheight:25px;\n}\n<\/style>\n<div  class='hr av-av_hr-09b97cdf08d8e43e6317d3196f1fefee hr-invisible  avia-builder-el-12  el_before_av_textblock  avia-builder-el-first '><span class='hr-inner '><span class=\"hr-inner-style\"><\/span><\/span><\/div><br \/>\n\n<style type=\"text\/css\" data-created_by=\"avia_inline_auto\" id=\"style-css-av-av_textblock-d1e3f215434b7b5fc02a2c302a084c85\">\n#top .av_textblock_section.av-av_textblock-d1e3f215434b7b5fc02a2c302a084c85 .avia_textblock{\ncolor:#9c9288;\n}\n<\/style>\n<section  class='av_textblock_section av-av_textblock-d1e3f215434b7b5fc02a2c302a084c85 '   itemscope=\"itemscope\" itemtype=\"https:\/\/schema.org\/CreativeWork\" ><div class='avia_textblock av_inherit_color'  itemprop=\"text\" ><p align=\"justify\">Tenemos representantes en lugares estrat\u00e9gicos de todo el mundo, como Asia, Europa, Sudam\u00e9rica y Norteam\u00e9rica, para ofrecer nuestros servicios a todos nuestros clientes.<\/p>\n<\/div><\/section><\/p><\/div>\n<\/div><\/div><\/div><!-- close content main div --><\/div><\/div><div id='after_section_3'  class='main_color av_default_container_wrap container_wrap sidebar_right'  ><div class='container av-section-cont-open' ><div class='template-page content  av-content-small alpha units'><div class='post-entry post-entry-type-page post-entry-4311'><div class='entry-content-wrapper clearfix'>\n","protected":false},"excerpt":{"rendered":"","protected":false},"author":1,"featured_media":0,"parent":0,"menu_order":0,"comment_status":"closed","ping_status":"closed","template":"","meta":{"footnotes":""},"class_list":["post-4311","page","type-page","status-publish","hentry"],"_links":{"self":[{"href":"https:\/\/www.arlei.com\/es\/wp-json\/wp\/v2\/pages\/4311","targetHints":{"allow":["GET"]}}],"collection":[{"href":"https:\/\/www.arlei.com\/es\/wp-json\/wp\/v2\/pages"}],"about":[{"href":"https:\/\/www.arlei.com\/es\/wp-json\/wp\/v2\/types\/page"}],"author":[{"embeddable":true,"href":"https:\/\/www.arlei.com\/es\/wp-json\/wp\/v2\/users\/1"}],"replies":[{"embeddable":true,"href":"https:\/\/www.arlei.com\/es\/wp-json\/wp\/v2\/comments?post=4311"}],"version-history":[{"count":5,"href":"https:\/\/www.arlei.com\/es\/wp-json\/wp\/v2\/pages\/4311\/revisions"}],"predecessor-version":[{"id":4348,"href":"https:\/\/www.arlei.com\/es\/wp-json\/wp\/v2\/pages\/4311\/revisions\/4348"}],"wp:attachment":[{"href":"https:\/\/www.arlei.com\/es\/wp-json\/wp\/v2\/media?parent=4311"}],"curies":[{"name":"wp","href":"https:\/\/api.w.org\/{rel}","templated":true}]}}